{"id":124,"date":"2016-04-14T17:10:05","date_gmt":"2016-04-14T15:10:05","guid":{"rendered":"http:\/\/www.purux-pool.de\/?page_id=124"},"modified":"2023-08-16T10:02:25","modified_gmt":"2023-08-16T08:02:25","slug":"disclaimer_old","status":"publish","type":"page","link":"https:\/\/www.purux-pool.de\/index.php\/disclaimer_old\/","title":{"rendered":"Disclaimer"},"content":{"rendered":"<h2>Disclaimer<\/h2>\n<p>Dem Nutzer wird die Antwort soweit gesetzlich zul\u00e4ssig, ohne jegliche (ausdr\u00fcckliche oder konkludente) Garantie, Zusage oder Haftung zur Verf\u00fcgung gestellt. Ausser im Falle vors\u00e4tzlicher Sch\u00e4digung, haftet die Schwarzmann GmbH nicht f\u00fcr Sch\u00e4den, die durch oder in Folge entstanden sind. In jedem Falle ist die Schwarzmann GmbH jedoch nicht verantwortlich und \u00fcbernimmt keinerlei Haftung f\u00fcr indirekte, mittelbare, zuf\u00e4llige oder Folgesch\u00e4den, die durch oder in Folge der Benutzung dieser Website aufgetreten sind.<br \/>\nS\u00e4mtliche ver\u00f6ffentlichten Produktinformationen oder sonstige Informationen werden von der Schwarzmann GmbH nach bestem Wissen zur Verf\u00fcgung gestellt. All diese Informationen begr\u00fcnden jedoch soweit gesetzlich zul\u00e4ssig, weder eine Garantie, Zusage oder Haftung seitens der Schwarzmann GmbH noch entbinden sie den Nutzer von der Durchf\u00fchrung eigener Untersuchungen und Tests.<\/p>\n","protected":false},"excerpt":{"rendered":"<p>Disclaimer Dem Nutzer wird die Antwort soweit gesetzlich zul\u00e4ssig, ohne jegliche (ausdr\u00fcckliche oder konkludente) Garantie, Zusage oder Haftung zur Verf\u00fcgung gestellt. Ausser im Falle vors\u00e4tzlicher Sch\u00e4digung, haftet die Schwarzmann GmbH nicht f\u00fcr Sch\u00e4den, die durch oder in Folge entstanden sind. In jedem Falle ist die Schwarzmann GmbH jedoch nicht verantwortlich und \u00fcbernimmt keinerlei Haftung f\u00fcr [&hellip;]<\/p>\n","protected":false},"author":1,"featured_media":0,"parent":0,"menu_order":0,"comment_status":"closed","ping_status":"closed","template":"","meta":{"footnotes":""},"class_list":["post-124","page","type-page","status-publish","czr-hentry"],"_links":{"self":[{"href":"https:\/\/www.purux-pool.de\/index.php\/wp-json\/wp\/v2\/pages\/124","targetHints":{"allow":["GET"]}}],"collection":[{"href":"https:\/\/www.purux-pool.de\/index.php\/wp-json\/wp\/v2\/pages"}],"about":[{"href":"https:\/\/www.purux-pool.de\/index.php\/wp-json\/wp\/v2\/types\/page"}],"author":[{"embeddable":true,"href":"https:\/\/www.purux-pool.de\/index.php\/wp-json\/wp\/v2\/users\/1"}],"replies":[{"embeddable":true,"href":"https:\/\/www.purux-pool.de\/index.php\/wp-json\/wp\/v2\/comments?post=124"}],"version-history":[{"count":2,"href":"https:\/\/www.purux-pool.de\/index.php\/wp-json\/wp\/v2\/pages\/124\/revisions"}],"predecessor-version":[{"id":130,"href":"https:\/\/www.purux-pool.de\/index.php\/wp-json\/wp\/v2\/pages\/124\/revisions\/130"}],"wp:attachment":[{"href":"https:\/\/www.purux-pool.de\/index.php\/wp-json\/wp\/v2\/media?parent=124"}],"curies":[{"name":"wp","href":"https:\/\/api.w.org\/{rel}","templated":true}]}}