{"id":90,"date":"2016-04-14T12:54:37","date_gmt":"2016-04-14T10:54:37","guid":{"rendered":"http:\/\/www.purux-pool.de\/?page_id=90"},"modified":"2026-04-10T10:58:59","modified_gmt":"2026-04-10T08:58:59","slug":"startseite","status":"publish","type":"page","link":"https:\/\/www.purux-pool.de\/","title":{"rendered":"purux Pool &#8211; der gesunde Pool"},"content":{"rendered":"<h2>Poolpflege war gestern &#8211; Hautpflege ist heute!<\/h2>\n<p>Wer viel Zeit im Pool verbringt, sei es im Gartenpool oder im Whirlpool, wei\u00df, wie wichtig die richtige Hautpflege ist.<br \/>\nAber was w\u00e4re, wenn man <strong>Haut- und Poolpflege<\/strong> mit den richtigen Produkten kombinieren k\u00f6nnte?<\/p>\n<p>Genau das dachte sich auch purux und entwickelte eine Methode f\u00fcr kleine Gartenpools und Hot-Whirlpools nach dem Motto &#8222;<strong>Poolpflege war gestern &#8211; Hautpflege ist heute!<\/strong>&#8220;<\/p>\n<p>Die einzigartige <strong>Kombination verschiedener Mineralien, Sauerstoff<\/strong>\u00a0und Wirkstoffe in kosmetischer Qualit\u00e4t, teilweise sogar <strong>in Lebensmittel<\/strong>&#8211; und Pharmaqualit\u00e4t, wurde erfolgreich von Dermatest Deutschland f\u00fcr Menschen mit sensibler Haut getestet, bewertet und als Badekosmetik in der EU zugelassen.\u00a0 Das Einzige, worauf Sie noch achten m\u00fcssen, ist der pH-Wert des Wassers. Auch hierf\u00fcr haben wir zwei Produkte in Lebensmittelqualit\u00e4t, damit Sie Ihren Pool sorglos nutzen k\u00f6nnen!\u00a0Unsere Produktempfehlung:<\/p>\n<p>&#8222;kleine&#8220; Gartenpools bis 15.000 Liter Wasser:<br \/>\nAktivsauerstoff + pool MIneralien + ph Senker<\/p>\n<p>&#8222;grosse&#8220; Gartenpools \u00fcber 15.000 Liter Wasser:<br \/>\npool Mineralien &#8211; ph Senker\u00a0 &#8211;\u00a0 Salzwasserelektrolyse Anlage<\/p>\n<p>Whirlpools<br \/>\nAktivsauerstoff &#8211; evtl. Pool Mineralien<\/p>\n<h4>Vier einfache Schritte zur Hautpflege im Pool:<\/h4>\n<ul>\n<li>PH Wert kontrollieren und einstellen<\/li>\n<li>purux Pool-Mineralien hinzugeben<br \/>\n(einmalig m\u00fcssen nur bei Teilwasserwechsel nachdosiert werden, Mineralien f\u00fcr die Haut und gegen &#8222;gr\u00fcnes Wasser&#8220; )<\/li>\n<li>purux Aktivsauerstoff verwenden<br \/>\n( oder purux oxy3, belebt das Wasser und die Haut durch Sauerstoff und bewirkt sauberes, kristallklares Wasser )<\/li>\n<li>optional purux Poolsalz ( spendet der Haut Feuchtigkeit, unterst\u00fctzt die Reinheit des Wassers)<\/li>\n<li>optional:\u00a0 statt Filtersand purux Filterb\u00e4lle aus Sekund\u00e4rrohstoffen in den Filter einsetzen ( waschbar in Waschmaschine )<\/li>\n<\/ul>\n<p>Nat\u00fcrlich bieten wir auch weiterhin unsere klassische Poolpflege mit der purux Pool Methode classic an. ( oxy3 pro -+ ph minus\u00a0 + algizid )<\/p>\n<div class=\"group w-full text-gray-800 dark:text-gray-100 border-b border-black\/10 dark:border-gray-900\/50 bg-gray-50 dark:bg-[#444654]\">\n<div class=\"flex p-4 gap-4 text-base md:gap-6 md:max-w-2xl lg:max-w-[38rem] xl:max-w-3xl md:py-6 lg:px-0 m-auto\">\n<div class=\"relative flex w-[calc(100%-50px)] flex-col gap-1 md:gap-3 lg:w-[calc(100%-115px)]\">\n<div class=\"flex flex-grow flex-col gap-3\">\n<div class=\"min-h-[20px] flex items-start overflow-x-auto whitespace-pre-wrap break-words flex-col gap-4\">\n<div class=\"markdown prose w-full break-words dark:prose-invert light\">\n<p>Erfahren Sie auf den n\u00e4chsten Seiten, warum wir kein klassisches Chlor verwenden und was die purux Pool Methode so besonders macht.<\/p>\n<\/div>\n<\/div>\n<\/div>\n<\/div>\n<\/div>\n<\/div>\n<p>Viel Spa\u00df mit Ihrem Pool<br \/>\nIhr purux Pool Team<\/p>\n<p><img loading=\"lazy\" decoding=\"async\" class=\"size-large wp-image-704 aligncenter\" src=\"https:\/\/www.purux-pool.de\/wp-content\/uploads\/2026\/03\/purux-pool-nk-q-3-1024x572.png\" alt=\"purux Hautpflege Methode\" width=\"1024\" height=\"572\" srcset=\"https:\/\/www.purux-pool.de\/wp-content\/uploads\/2026\/03\/purux-pool-nk-q-3-1024x572.png 1024w, https:\/\/www.purux-pool.de\/wp-content\/uploads\/2026\/03\/purux-pool-nk-q-3-300x167.png 300w, https:\/\/www.purux-pool.de\/wp-content\/uploads\/2026\/03\/purux-pool-nk-q-3-768x429.png 768w, https:\/\/www.purux-pool.de\/wp-content\/uploads\/2026\/03\/purux-pool-nk-q-3-1536x857.png 1536w, https:\/\/www.purux-pool.de\/wp-content\/uploads\/2026\/03\/purux-pool-nk-q-3-2048x1143.png 2048w\" sizes=\"auto, (max-width: 1024px) 100vw, 1024px\" \/><\/p>\n<p><img loading=\"lazy\" decoding=\"async\" class=\"alignnone wp-image-687\" src=\"https:\/\/www.purux-pool.de\/wp-content\/uploads\/2026\/01\/whirlpool_purux-1024x683.png\" alt=\"\" width=\"336\" height=\"224\" srcset=\"https:\/\/www.purux-pool.de\/wp-content\/uploads\/2026\/01\/whirlpool_purux-1024x683.png 1024w, https:\/\/www.purux-pool.de\/wp-content\/uploads\/2026\/01\/whirlpool_purux-300x200.png 300w, https:\/\/www.purux-pool.de\/wp-content\/uploads\/2026\/01\/whirlpool_purux-768x512.png 768w, https:\/\/www.purux-pool.de\/wp-content\/uploads\/2026\/01\/whirlpool_purux.png 1536w\" sizes=\"auto, (max-width: 336px) 100vw, 336px\" \/><img loading=\"lazy\" decoding=\"async\" class=\"alignnone wp-image-523\" src=\"https:\/\/www.purux-pool.de\/wp-content\/uploads\/2023\/08\/purux_image_pool-300x171.jpg\" alt=\"\" width=\"392\" height=\"223\" srcset=\"https:\/\/www.purux-pool.de\/wp-content\/uploads\/2023\/08\/purux_image_pool-300x171.jpg 300w, https:\/\/www.purux-pool.de\/wp-content\/uploads\/2023\/08\/purux_image_pool-1024x584.jpg 1024w, https:\/\/www.purux-pool.de\/wp-content\/uploads\/2023\/08\/purux_image_pool-768x438.jpg 768w, https:\/\/www.purux-pool.de\/wp-content\/uploads\/2023\/08\/purux_image_pool.jpg 1181w\" sizes=\"auto, (max-width: 392px) 100vw, 392px\" \/><img loading=\"lazy\" decoding=\"async\" class=\"alignnone wp-image-608\" src=\"https:\/\/www.purux-pool.de\/wp-content\/uploads\/2024\/03\/AdobeStock_572461933-scaled-e1710849628182-300x200.jpeg\" alt=\"\" width=\"335\" height=\"223\" srcset=\"https:\/\/www.purux-pool.de\/wp-content\/uploads\/2024\/03\/AdobeStock_572461933-scaled-e1710849628182-300x200.jpeg 300w, https:\/\/www.purux-pool.de\/wp-content\/uploads\/2024\/03\/AdobeStock_572461933-scaled-e1710849628182-1024x683.jpeg 1024w, https:\/\/www.purux-pool.de\/wp-content\/uploads\/2024\/03\/AdobeStock_572461933-scaled-e1710849628182-768x512.jpeg 768w, https:\/\/www.purux-pool.de\/wp-content\/uploads\/2024\/03\/AdobeStock_572461933-scaled-e1710849628182.jpeg 1500w\" sizes=\"auto, (max-width: 335px) 100vw, 335px\" \/><img loading=\"lazy\" decoding=\"async\" class=\"alignnone size-medium wp-image-621\" src=\"https:\/\/www.purux-pool.de\/wp-content\/uploads\/2024\/04\/dermatest-300x270.png\" alt=\"\" width=\"300\" height=\"270\" srcset=\"https:\/\/www.purux-pool.de\/wp-content\/uploads\/2024\/04\/dermatest-300x270.png 300w, https:\/\/www.purux-pool.de\/wp-content\/uploads\/2024\/04\/dermatest.png 344w\" sizes=\"auto, (max-width: 300px) 100vw, 300px\" \/><\/p>\n<p>&nbsp;<\/p>\n","protected":false},"excerpt":{"rendered":"<p>Poolpflege war gestern &#8211; Hautpflege ist heute! Wer viel Zeit im Pool verbringt, sei es im Gartenpool oder im Whirlpool, wei\u00df, wie wichtig die richtige Hautpflege ist. Aber was w\u00e4re, wenn man Haut- und Poolpflege mit den richtigen Produkten kombinieren k\u00f6nnte? Genau das dachte sich auch purux und entwickelte eine Methode f\u00fcr kleine Gartenpools und [&hellip;]<\/p>\n","protected":false},"author":1,"featured_media":0,"parent":0,"menu_order":0,"comment_status":"closed","ping_status":"closed","template":"","meta":{"footnotes":""},"class_list":["post-90","page","type-page","status-publish","czr-hentry"],"_links":{"self":[{"href":"https:\/\/www.purux-pool.de\/index.php\/wp-json\/wp\/v2\/pages\/90","targetHints":{"allow":["GET"]}}],"collection":[{"href":"https:\/\/www.purux-pool.de\/index.php\/wp-json\/wp\/v2\/pages"}],"about":[{"href":"https:\/\/www.purux-pool.de\/index.php\/wp-json\/wp\/v2\/types\/page"}],"author":[{"embeddable":true,"href":"https:\/\/www.purux-pool.de\/index.php\/wp-json\/wp\/v2\/users\/1"}],"replies":[{"embeddable":true,"href":"https:\/\/www.purux-pool.de\/index.php\/wp-json\/wp\/v2\/comments?post=90"}],"version-history":[{"count":39,"href":"https:\/\/www.purux-pool.de\/index.php\/wp-json\/wp\/v2\/pages\/90\/revisions"}],"predecessor-version":[{"id":712,"href":"https:\/\/www.purux-pool.de\/index.php\/wp-json\/wp\/v2\/pages\/90\/revisions\/712"}],"wp:attachment":[{"href":"https:\/\/www.purux-pool.de\/index.php\/wp-json\/wp\/v2\/media?parent=90"}],"curies":[{"name":"wp","href":"https:\/\/api.w.org\/{rel}","templated":true}]}}